{"id":1204,"date":"2020-03-16T13:04:08","date_gmt":"2020-03-16T10:04:08","guid":{"rendered":"https:\/\/notrondefence.com\/a-propos-de-nous\/"},"modified":"2023-06-10T14:48:33","modified_gmt":"2023-06-10T11:48:33","slug":"a-propos-de-nous","status":"publish","type":"page","link":"https:\/\/notrondefence.com\/fr\/a-propos-de-nous\/","title":{"rendered":"A propos de nous"},"content":{"rendered":"\t\t<div data-elementor-type=\"wp-page\" data-elementor-id=\"1204\" class=\"elementor elementor-1204 elementor-94\" data-elementor-settings=\"[]\">\n\t\t\t\t\t\t\t<div class=\"elementor-section-wrap\">\n\t\t\t\t\t\t\t<section class=\"elementor-section elementor-top-section elementor-element elementor-element-d4735f3 elementor-section-boxed elementor-section-height-default elementor-section-height-default\" data-id=\"d4735f3\" data-element_type=\"section\">\n\t\t\t\t\t\t<div class=\"elementor-container elementor-column-gap-default\">\n\t\t\t\t\t<div class=\"elementor-column elementor-col-50 elementor-top-column elementor-element elementor-element-b46ca0a\" data-id=\"b46ca0a\" data-element_type=\"column\">\n\t\t\t<div class=\"elementor-widget-wrap elementor-element-populated\">\n\t\t\t\t\t\t\t\t<div class=\"elementor-element elementor-element-d817781 elementor-widget elementor-widget-heading\" data-id=\"d817781\" data-element_type=\"widget\" data-widget_type=\"heading.default\">\n\t\t\t\t<div class=\"elementor-widget-container\">\n\t\t\t<style>\/*! elementor - v3.5.5 - 03-02-2022 *\/\n.elementor-heading-title{padding:0;margin:0;line-height:1}.elementor-widget-heading .elementor-heading-title[class*=elementor-size-]>a{color:inherit;font-size:inherit;line-height:inherit}.elementor-widget-heading .elementor-heading-title.elementor-size-small{font-size:15px}.elementor-widget-heading .elementor-heading-title.elementor-size-medium{font-size:19px}.elementor-widget-heading .elementor-heading-title.elementor-size-large{font-size:29px}.elementor-widget-heading .elementor-heading-title.elementor-size-xl{font-size:39px}.elementor-widget-heading .elementor-heading-title.elementor-size-xxl{font-size:59px}<\/style><h3 class='heading-left  divider-modern'  style=\"color:#000000\"><span><em class=\"heading-subtitle\">Our company<\/em>\u00c0 PROPOS DE NOUS<\/span><\/h3>\t\t<\/div>\n\t\t\t\t<\/div>\n\t\t\t\t<div class=\"elementor-element elementor-element-2e39c59 elementor-widget elementor-widget-text-editor\" data-id=\"2e39c59\" data-element_type=\"widget\" data-widget_type=\"text-editor.default\">\n\t\t\t\t<div class=\"elementor-widget-container\">\n\t\t\t<style>\/*! elementor - v3.5.5 - 03-02-2022 *\/\n.elementor-widget-text-editor.elementor-drop-cap-view-stacked .elementor-drop-cap{background-color:#818a91;color:#fff}.elementor-widget-text-editor.elementor-drop-cap-view-framed .elementor-drop-cap{color:#818a91;border:3px solid;background-color:transparent}.elementor-widget-text-editor:not(.elementor-drop-cap-view-default) .elementor-drop-cap{margin-top:8px}.elementor-widget-text-editor:not(.elementor-drop-cap-view-default) .elementor-drop-cap-letter{width:1em;height:1em}.elementor-widget-text-editor .elementor-drop-cap{float:left;text-align:center;line-height:1;font-size:50px}.elementor-widget-text-editor .elementor-drop-cap-letter{display:inline-block}<\/style>\t\t\t\t<p>Fond\u00e9e en 2016, notre soci\u00e9t\u00e9 travaille principalement sur la d\u00e9coration des magasins et l&rsquo;\u00e9quipement embarqu\u00e9, mais d&rsquo;autre part, elle r\u00e9alise des \u00e9tudes sp\u00e9ciales sur la conception et la production de machines.<\/p>\n\t\t\t\t\t\t<\/div>\n\t\t\t\t<\/div>\n\t\t\t\t\t<\/div>\n\t\t<\/div>\n\t\t\t\t<div class=\"elementor-column elementor-col-50 elementor-top-column elementor-element elementor-element-6606ae0\" data-id=\"6606ae0\" data-element_type=\"column\">\n\t\t\t<div class=\"elementor-widget-wrap elementor-element-populated\">\n\t\t\t\t\t\t\t\t<div class=\"elementor-element elementor-element-6fd0c6d elementor-widget elementor-widget-spacer\" data-id=\"6fd0c6d\" data-element_type=\"widget\" data-widget_type=\"spacer.default\">\n\t\t\t\t<div class=\"elementor-widget-container\">\n\t\t\t\t\t<div class=\"elementor-spacer\">\n\t\t\t<div class=\"elementor-spacer-inner\"><\/div>\n\t\t<\/div>\n\t\t\t\t<\/div>\n\t\t\t\t<\/div>\n\t\t\t\t<div class=\"elementor-element elementor-element-6f7810d elementor-widget elementor-widget-image\" data-id=\"6f7810d\" data-element_type=\"widget\" data-widget_type=\"image.default\">\n\t\t\t\t<div class=\"elementor-widget-container\">\n\t\t\t<style>\/*! elementor - v3.5.5 - 03-02-2022 *\/\n.elementor-widget-image{text-align:center}.elementor-widget-image a{display:inline-block}.elementor-widget-image a img[src$=\".svg\"]{width:48px}.elementor-widget-image img{vertical-align:middle;display:inline-block}<\/style>\t\t\t\t\t\t\t\t\t\t\t\t<img loading=\"lazy\" decoding=\"async\" width=\"980\" height=\"654\" src=\"https:\/\/notrondefence.com\/wp-content\/uploads\/2022\/01\/ANKA7831-Medium-1024x683.jpg\" class=\"attachment-large size-large\" alt=\"about us\" srcset=\"https:\/\/notrondefence.com\/wp-content\/uploads\/2022\/01\/ANKA7831-Medium-1024x683.jpg 1024w, https:\/\/notrondefence.com\/wp-content\/uploads\/2022\/01\/ANKA7831-Medium-300x200.jpg 300w, https:\/\/notrondefence.com\/wp-content\/uploads\/2022\/01\/ANKA7831-Medium-768x512.jpg 768w, https:\/\/notrondefence.com\/wp-content\/uploads\/2022\/01\/ANKA7831-Medium.jpg 1152w\" sizes=\"auto, (max-width: 980px) 100vw, 980px\" \/>\t\t\t\t\t\t\t\t\t\t\t\t\t\t\t<\/div>\n\t\t\t\t<\/div>\n\t\t\t\t\t<\/div>\n\t\t<\/div>\n\t\t\t\t\t\t\t<\/div>\n\t\t<\/section>\n\t\t\t\t<section class=\"elementor-section elementor-top-section elementor-element elementor-element-1eee019 elementor-section-boxed elementor-section-height-default elementor-section-height-default\" data-id=\"1eee019\" data-element_type=\"section\">\n\t\t\t\t\t\t<div class=\"elementor-container elementor-column-gap-default\">\n\t\t\t\t\t<div class=\"elementor-column elementor-col-100 elementor-top-column elementor-element elementor-element-7d5c711\" data-id=\"7d5c711\" data-element_type=\"column\">\n\t\t\t<div class=\"elementor-widget-wrap elementor-element-populated\">\n\t\t\t\t\t\t\t\t<div class=\"elementor-element elementor-element-6c72cc1 elementor-widget elementor-widget-heading\" data-id=\"6c72cc1\" data-element_type=\"widget\" data-widget_type=\"heading.default\">\n\t\t\t\t<div class=\"elementor-widget-container\">\n\t\t\t<h3 class='heading-left  divider-modern'  style=\"color:#000000\"><span><em class=\"heading-subtitle\">Innovative Technology<\/em>NOTRON DEFENCE<\/span><\/h3>\t\t<\/div>\n\t\t\t\t<\/div>\n\t\t\t\t<section class=\"elementor-section elementor-inner-section elementor-element elementor-element-6136617 elementor-section-boxed elementor-section-height-default elementor-section-height-default\" data-id=\"6136617\" data-element_type=\"section\">\n\t\t\t\t\t\t<div class=\"elementor-container elementor-column-gap-default\">\n\t\t\t\t\t<div class=\"elementor-column elementor-col-50 elementor-inner-column elementor-element elementor-element-61b8b93\" data-id=\"61b8b93\" data-element_type=\"column\">\n\t\t\t<div class=\"elementor-widget-wrap elementor-element-populated\">\n\t\t\t\t\t\t\t\t<div class=\"elementor-element elementor-element-5874959 elementor-widget elementor-widget-text-editor\" data-id=\"5874959\" data-element_type=\"widget\" data-widget_type=\"text-editor.default\">\n\t\t\t\t<div class=\"elementor-widget-container\">\n\t\t\t\t\t\t\t<p><strong>Notre vision<\/strong><\/p>\n<p>Dans la production \u00e0 l&rsquo;int\u00e9rieur du pays, les produits d&rsquo;utilisation, les produits li\u00e9s aux produits modernes qui proviennent \u00e0 la fois de l&rsquo;utilisation \u00e9ducative \u00e0 travers l&rsquo;utilisation, et des progr\u00e8s ult\u00e9rieurs.<\/p>\n\t\t\t\t\t\t<\/div>\n\t\t\t\t<\/div>\n\t\t\t\t\t<\/div>\n\t\t<\/div>\n\t\t\t\t<div class=\"elementor-column elementor-col-50 elementor-inner-column elementor-element elementor-element-ec275bd\" data-id=\"ec275bd\" data-element_type=\"column\">\n\t\t\t<div class=\"elementor-widget-wrap elementor-element-populated\">\n\t\t\t\t\t\t\t\t<div class=\"elementor-element elementor-element-cd83799 elementor-widget elementor-widget-text-editor\" data-id=\"cd83799\" data-element_type=\"widget\" data-widget_type=\"text-editor.default\">\n\t\t\t\t<div class=\"elementor-widget-container\">\n\t\t\t\t\t\t\t<p><strong>Notre mission<\/strong><\/p>\n<p>D\u00e9velopper et produire les produits technologiques dont notre pays a besoin, les produits autonomes, les produits d&rsquo;intelligence artificielle avec la contribution de la R&amp;D et de l&rsquo;ing\u00e9nierie.<\/p>\n\t\t\t\t\t\t<\/div>\n\t\t\t\t<\/div>\n\t\t\t\t\t<\/div>\n\t\t<\/div>\n\t\t\t\t\t\t\t<\/div>\n\t\t<\/section>\n\t\t\t\t\t<\/div>\n\t\t<\/div>\n\t\t\t\t\t\t\t<\/div>\n\t\t<\/section>\n\t\t\t\t<section class=\"elementor-section elementor-top-section elementor-element elementor-element-adc6d88 elementor-section-boxed elementor-section-height-default elementor-section-height-default\" data-id=\"adc6d88\" data-element_type=\"section\">\n\t\t\t\t\t\t<div class=\"elementor-container elementor-column-gap-default\">\n\t\t\t\t\t<div class=\"elementor-column elementor-col-100 elementor-top-column elementor-element elementor-element-0daa6c7\" data-id=\"0daa6c7\" data-element_type=\"column\">\n\t\t\t<div class=\"elementor-widget-wrap elementor-element-populated\">\n\t\t\t\t\t\t\t\t<div class=\"elementor-element elementor-element-758559a elementor-widget elementor-widget-heading\" data-id=\"758559a\" data-element_type=\"widget\" data-widget_type=\"heading.default\">\n\t\t\t\t<div class=\"elementor-widget-container\">\n\t\t\t<h3 class='heading-left  divider-modern'  style=\"color:#000000\"><span><em class=\"heading-subtitle\">Notron Defence<\/em>UNE \u00c9QUIPE EXP\u00c9RIMENT\u00c9E<\/span><\/h3>\t\t<\/div>\n\t\t\t\t<\/div>\n\t\t\t\t\t<\/div>\n\t\t<\/div>\n\t\t\t\t\t\t\t<\/div>\n\t\t<\/section>\n\t\t\t\t<section class=\"elementor-section elementor-top-section elementor-element elementor-element-ac4b0a8 elementor-section-boxed elementor-section-height-default elementor-section-height-default\" data-id=\"ac4b0a8\" data-element_type=\"section\">\n\t\t\t\t\t\t<div class=\"elementor-container elementor-column-gap-default\">\n\t\t\t\t\t<div class=\"elementor-column elementor-col-100 elementor-top-column elementor-element elementor-element-142b98d\" data-id=\"142b98d\" data-element_type=\"column\">\n\t\t\t<div class=\"elementor-widget-wrap elementor-element-populated\">\n\t\t\t\t\t\t\t\t<div class=\"elementor-element elementor-element-956c385 elementor-widget elementor-widget-team\" data-id=\"956c385\" data-element_type=\"widget\" data-widget_type=\"team.default\">\n\t\t\t\t<div class=\"elementor-widget-container\">\n\t\t\t<div class='team team-col-2'><div class='member'><div class='member-wrap'><div class='member-image'><a href='https:\/\/notrondefence.com\/fr\/team\/notre-fondateur-serkan-ima\/'><img loading=\"lazy\" decoding=\"async\" width=\"455\" height=\"355\" src=\"https:\/\/notrondefence.com\/wp-content\/uploads\/2022\/01\/ANKA7698-Small-455x355.jpg\" class=\"attachment-anps-team size-anps-team wp-post-image\" alt=\"\" \/><\/a><\/div><a href='https:\/\/notrondefence.com\/fr\/team\/notre-fondateur-serkan-ima\/'><h3 class='member-name'>Notre fondateur Serkan Ima<\/h3><\/a><p class='member-desc'>Fond\u00e9e en 2016, notre soci\u00e9t\u00e9 travaille principalement sur la d\u00e9coration des magasins et l&rsquo;\u00e9quipement embarqu\u00e9, mais d&rsquo;autre part, elle r\u00e9alise des \u00e9tudes sp\u00e9ciales sur la conception et la production de machines.<\/p><\/div><\/div><div class='member'><div class='member-wrap'><div class='member-image'><a href='https:\/\/notrondefence.com\/fr\/team\/notre-equipe\/'><img loading=\"lazy\" decoding=\"async\" width=\"455\" height=\"355\" src=\"https:\/\/notrondefence.com\/wp-content\/uploads\/2022\/01\/ANKA7709-Small-455x355.jpg\" class=\"attachment-anps-team size-anps-team wp-post-image\" alt=\"\" \/><\/a><\/div><a href='https:\/\/notrondefence.com\/fr\/team\/notre-equipe\/'><h3 class='member-name'>Notre \u00e9quipe<\/h3><\/a><p class='member-desc'>Fond\u00e9e en 2016, notre soci\u00e9t\u00e9 travaille principalement sur la d\u00e9coration des magasins et l&rsquo;\u00e9quipement embarqu\u00e9, mais d&rsquo;autre part, elle r\u00e9alise des \u00e9tudes sp\u00e9ciales sur la conception et la production de machines.<\/p><\/div><\/div><\/div>\t\t<\/div>\n\t\t\t\t<\/div>\n\t\t\t\t\t<\/div>\n\t\t<\/div>\n\t\t\t\t\t\t\t<\/div>\n\t\t<\/section>\n\t\t\t\t<section class=\"elementor-section elementor-top-section elementor-element elementor-element-f33ba7c elementor-section-stretched elementor-section-boxed elementor-section-height-default elementor-section-height-default\" data-id=\"f33ba7c\" data-element_type=\"section\" data-settings=\"{&quot;stretch_section&quot;:&quot;section-stretched&quot;,&quot;background_background&quot;:&quot;classic&quot;}\">\n\t\t\t\t\t\t<div class=\"elementor-container elementor-column-gap-no\">\n\t\t\t\t\t<div class=\"elementor-column elementor-col-100 elementor-top-column elementor-element elementor-element-3c5383f\" data-id=\"3c5383f\" data-element_type=\"column\">\n\t\t\t<div class=\"elementor-widget-wrap elementor-element-populated\">\n\t\t\t\t\t\t\t\t<div class=\"elementor-element elementor-element-287a588 elementor-widget elementor-widget-download\" data-id=\"287a588\" data-element_type=\"widget\" data-widget_type=\"download.default\">\n\t\t\t\t<div class=\"elementor-widget-container\">\n\t\t\t<div class=\"download\"><div class='download-content text-uppercase' style='color: #FFFFFF'><i class='fa far fa-file-pdf'><\/i> DOWNLOAD A COMPLETE CATALOG OF OUR SERVICES AND PROJECTS SPECIFICATIONS<\/div><a target='_blank' href='#' class='btn btn-md btn-dark btn-shadow'><i class='fa fas fa-cloud-download-alt'><\/i> Download<\/a><\/div>\t\t<\/div>\n\t\t\t\t<\/div>\n\t\t\t\t\t<\/div>\n\t\t<\/div>\n\t\t\t\t\t\t\t<\/div>\n\t\t<\/section>\n\t\t\t\t\t\t<\/div>\n\t\t\t\t\t<\/div>\n\t\t","protected":false},"excerpt":{"rendered":"<p>Our company\u00c0 PROPOS DE NOUS Fond\u00e9e en 2016, notre soci\u00e9t\u00e9 travaille principalement sur la d\u00e9coration des magasins et l&rsquo;\u00e9quipement embarqu\u00e9, mais d&rsquo;autre part, elle r\u00e9alise des \u00e9tudes sp\u00e9ciales sur la conception et la production de machines. Innovative TechnologyNOTRON DEFENCE Notre &hellip;<\/p>\n","protected":false},"author":1,"featured_media":0,"parent":0,"menu_order":0,"comment_status":"closed","ping_status":"closed","template":"","meta":{"footnotes":""},"class_list":["post-1204","page","type-page","status-publish","hentry"],"_links":{"self":[{"href":"https:\/\/notrondefence.com\/fr\/wp-json\/wp\/v2\/pages\/1204","targetHints":{"allow":["GET"]}}],"collection":[{"href":"https:\/\/notrondefence.com\/fr\/wp-json\/wp\/v2\/pages"}],"about":[{"href":"https:\/\/notrondefence.com\/fr\/wp-json\/wp\/v2\/types\/page"}],"author":[{"embeddable":true,"href":"https:\/\/notrondefence.com\/fr\/wp-json\/wp\/v2\/users\/1"}],"replies":[{"embeddable":true,"href":"https:\/\/notrondefence.com\/fr\/wp-json\/wp\/v2\/comments?post=1204"}],"version-history":[{"count":1,"href":"https:\/\/notrondefence.com\/fr\/wp-json\/wp\/v2\/pages\/1204\/revisions"}],"predecessor-version":[{"id":1212,"href":"https:\/\/notrondefence.com\/fr\/wp-json\/wp\/v2\/pages\/1204\/revisions\/1212"}],"wp:attachment":[{"href":"https:\/\/notrondefence.com\/fr\/wp-json\/wp\/v2\/media?parent=1204"}],"curies":[{"name":"wp","href":"https:\/\/api.w.org\/{rel}","templated":true}]}}