{"id":1221,"date":"2020-03-16T13:08:03","date_gmt":"2020-03-16T10:08:03","guid":{"rendered":"https:\/\/notrondefence.com\/scooter-sous-marin\/"},"modified":"2023-06-10T14:48:42","modified_gmt":"2023-06-10T11:48:42","slug":"scooter-sous-marin","status":"publish","type":"page","link":"https:\/\/notrondefence.com\/fr\/scooter-sous-marin\/","title":{"rendered":"Scooter sous-marin"},"content":{"rendered":"\t\t<div data-elementor-type=\"wp-page\" data-elementor-id=\"1221\" class=\"elementor elementor-1221 elementor-102\" data-elementor-settings=\"[]\">\n\t\t\t\t\t\t\t<div class=\"elementor-section-wrap\">\n\t\t\t\t\t\t\t<section class=\"elementor-section elementor-top-section elementor-element elementor-element-6918483e elementor-section-boxed elementor-section-height-default elementor-section-height-default\" data-id=\"6918483e\" data-element_type=\"section\">\n\t\t\t\t\t\t<div class=\"elementor-container elementor-column-gap-default\">\n\t\t\t\t\t<div class=\"elementor-column elementor-col-100 elementor-top-column elementor-element elementor-element-2f911638\" data-id=\"2f911638\" data-element_type=\"column\">\n\t\t\t<div class=\"elementor-widget-wrap elementor-element-populated\">\n\t\t\t\t\t\t\t\t<div class=\"elementor-element elementor-element-7fd71a0b elementor-widget elementor-widget-gallery_slider\" data-id=\"7fd71a0b\" data-element_type=\"widget\" data-widget_type=\"gallery_slider.default\">\n\t\t\t\t<div class=\"elementor-widget-container\">\n\t\t\t<div class=\"gallery-fs\"><figure><img decoding=\"async\" src=\"https:\/\/notrondefence.com\/wp-content\/uploads\/Adsiz-tasarim.png\" alt=\"\"><\/figure><div class=\"gallery-fs-nav\"><button class=\"gallery-fs-fullscreen\"><i class=\"fa fa-arrows-alt\"><\/i><\/button><\/div><div class=\"gallery-fs-thumbnails gallery-fs-thumbnails-col-5 owl-carousel owl-loaded\"><a href='https:\/\/notrondefence.com\/wp-content\/uploads\/Adsiz-tasarim.png' data-caption='under water scooter' title='Ads\u0131z tasar\u0131m' class=\"selected\"><img class='attachment-anps-gallery-thumb size-anps-gallery-thumb' src=https:\/\/notrondefence.com\/wp-content\/uploads\/Adsiz-tasarim.png sizes='(max-width: 280px) 100vw, 280px' width='280' height='158'><\/a><a href='https:\/\/notrondefence.com\/wp-content\/uploads\/suex-xjs-copy-1.jpg' data-caption='underwater scooter' title='underwater scooter'><img class='attachment-anps-gallery-thumb size-anps-gallery-thumb' src=https:\/\/notrondefence.com\/wp-content\/uploads\/suex-xjs-copy-1.jpg sizes='(max-width: 280px) 100vw, 280px' width='280' height='158'><\/a><\/div><\/div>\t\t<\/div>\n\t\t\t\t<\/div>\n\t\t\t\t\t<\/div>\n\t\t<\/div>\n\t\t\t\t\t\t\t<\/div>\n\t\t<\/section>\n\t\t\t\t<section class=\"elementor-section elementor-top-section elementor-element elementor-element-4de33672 elementor-section-boxed elementor-section-height-default elementor-section-height-default\" data-id=\"4de33672\" data-element_type=\"section\">\n\t\t\t\t\t\t<div class=\"elementor-container elementor-column-gap-default\">\n\t\t\t\t\t<div class=\"elementor-column elementor-col-100 elementor-top-column elementor-element elementor-element-4cc55352\" data-id=\"4cc55352\" data-element_type=\"column\">\n\t\t\t<div class=\"elementor-widget-wrap elementor-element-populated\">\n\t\t\t\t\t\t\t\t<div class=\"elementor-element elementor-element-73296a28 elementor-widget elementor-widget-heading\" data-id=\"73296a28\" data-element_type=\"widget\" data-widget_type=\"heading.default\">\n\t\t\t\t<div class=\"elementor-widget-container\">\n\t\t\t<style>\/*! elementor - v3.5.5 - 03-02-2022 *\/\n.elementor-heading-title{padding:0;margin:0;line-height:1}.elementor-widget-heading .elementor-heading-title[class*=elementor-size-]>a{color:inherit;font-size:inherit;line-height:inherit}.elementor-widget-heading .elementor-heading-title.elementor-size-small{font-size:15px}.elementor-widget-heading .elementor-heading-title.elementor-size-medium{font-size:19px}.elementor-widget-heading .elementor-heading-title.elementor-size-large{font-size:29px}.elementor-widget-heading .elementor-heading-title.elementor-size-xl{font-size:39px}.elementor-widget-heading .elementor-heading-title.elementor-size-xxl{font-size:59px}<\/style><h3 class='heading-left  divider-sm'  style=\"color:#000000\"><span>Scooters sous-marins<\/span><\/h3>\t\t<\/div>\n\t\t\t\t<\/div>\n\t\t\t\t<div class=\"elementor-element elementor-element-39bbf1b7 elementor-widget elementor-widget-text-editor\" data-id=\"39bbf1b7\" data-element_type=\"widget\" data-widget_type=\"text-editor.default\">\n\t\t\t\t<div class=\"elementor-widget-container\">\n\t\t\t<style>\/*! elementor - v3.5.5 - 03-02-2022 *\/\n.elementor-widget-text-editor.elementor-drop-cap-view-stacked .elementor-drop-cap{background-color:#818a91;color:#fff}.elementor-widget-text-editor.elementor-drop-cap-view-framed .elementor-drop-cap{color:#818a91;border:3px solid;background-color:transparent}.elementor-widget-text-editor:not(.elementor-drop-cap-view-default) .elementor-drop-cap{margin-top:8px}.elementor-widget-text-editor:not(.elementor-drop-cap-view-default) .elementor-drop-cap-letter{width:1em;height:1em}.elementor-widget-text-editor .elementor-drop-cap{float:left;text-align:center;line-height:1;font-size:50px}.elementor-widget-text-editor .elementor-drop-cap-letter{display:inline-block}<\/style>\t\t\t\t<p>Un scooter sous-marin est un v\u00e9hicule polyvalent qui peut \u00eatre utilis\u00e9 \u00e0 des fins r\u00e9cr\u00e9atives et techniques\/professionnelles, en fonction des caract\u00e9ristiques du mod\u00e8le : en g\u00e9n\u00e9ral, les caract\u00e9ristiques les plus importantes \u00e0 prendre en compte sont l&rsquo;autonomie, la vitesse de croisi\u00e8re et la profondeur maximale qu&rsquo;il est possible d&rsquo;atteindre : Les DPV qui offrent les meilleures performances dans ces domaines peuvent m\u00eame \u00eatre utilis\u00e9s pour des plong\u00e9es de longue dur\u00e9e et des plong\u00e9es en grotte.<\/p>\n<p>Comme pour tout \u00e9quipement sous-marin, il est n\u00e9cessaire d&rsquo;apprendre \u00e0 utiliser correctement le scooter sous-marin : cependant, la technologie est intuitive, et quelques le\u00e7ons suffisent pour la ma\u00eetriser et acqu\u00e9rir les connaissances n\u00e9cessaires pour faire face \u00e0 tout probl\u00e8me critique pendant les plong\u00e9es.<\/p>\n\t\t\t\t\t\t<\/div>\n\t\t\t\t<\/div>\n\t\t\t\t\t<\/div>\n\t\t<\/div>\n\t\t\t\t\t\t\t<\/div>\n\t\t<\/section>\n\t\t\t\t<section class=\"elementor-section elementor-top-section elementor-element elementor-element-2cb0fb94 elementor-section-boxed elementor-section-height-default elementor-section-height-default\" data-id=\"2cb0fb94\" data-element_type=\"section\">\n\t\t\t\t\t\t<div class=\"elementor-container elementor-column-gap-default\">\n\t\t\t\t\t<div class=\"elementor-column elementor-col-66 elementor-top-column elementor-element elementor-element-6419a1fe\" data-id=\"6419a1fe\" data-element_type=\"column\">\n\t\t\t<div class=\"elementor-widget-wrap elementor-element-populated\">\n\t\t\t\t\t\t\t\t<div class=\"elementor-element elementor-element-758eb1a8 elementor-widget elementor-widget-heading\" data-id=\"758eb1a8\" data-element_type=\"widget\" data-widget_type=\"heading.default\">\n\t\t\t\t<div class=\"elementor-widget-container\">\n\t\t\t<h3 class='heading-left  divider-sm'  style=\"color:#000000\"><span>D\u00e9tails<\/span><\/h3>\t\t<\/div>\n\t\t\t\t<\/div>\n\t\t\t\t<div class=\"elementor-element elementor-element-3bdcdaaa elementor-widget elementor-widget-text-editor\" data-id=\"3bdcdaaa\" data-element_type=\"widget\" data-widget_type=\"text-editor.default\">\n\t\t\t\t<div class=\"elementor-widget-container\">\n\t\t\t\t\t\t\t<p>Conception sur mesure et conformit\u00e9 totale aux normes<\/p>\n\t\t\t\t\t\t<\/div>\n\t\t\t\t<\/div>\n\t\t\t\t<div class=\"elementor-element elementor-element-485a4d34 elementor-widget elementor-widget-accordion\" data-id=\"485a4d34\" data-element_type=\"widget\" data-widget_type=\"accordion.default\">\n\t\t\t\t<div class=\"elementor-widget-container\">\n\t\t\t<style>\/*! elementor - v3.5.5 - 03-02-2022 *\/\n.elementor-accordion{text-align:left}.elementor-accordion .elementor-accordion-item{border:1px solid #d4d4d4}.elementor-accordion .elementor-accordion-item+.elementor-accordion-item{border-top:none}.elementor-accordion .elementor-tab-title{margin:0;padding:15px 20px;font-weight:700;line-height:1;cursor:pointer;outline:none}.elementor-accordion .elementor-tab-title .elementor-accordion-icon{display:inline-block;width:1.5em}.elementor-accordion .elementor-tab-title .elementor-accordion-icon svg{width:1em;height:1em}.elementor-accordion .elementor-tab-title .elementor-accordion-icon.elementor-accordion-icon-right{float:right;text-align:right}.elementor-accordion .elementor-tab-title .elementor-accordion-icon.elementor-accordion-icon-left{float:left;text-align:left}.elementor-accordion .elementor-tab-title .elementor-accordion-icon .elementor-accordion-icon-closed{display:block}.elementor-accordion .elementor-tab-title .elementor-accordion-icon .elementor-accordion-icon-opened,.elementor-accordion .elementor-tab-title.elementor-active .elementor-accordion-icon-closed{display:none}.elementor-accordion .elementor-tab-title.elementor-active .elementor-accordion-icon-opened{display:block}.elementor-accordion .elementor-tab-content{display:none;padding:15px 20px;border-top:1px solid #d4d4d4}@media (max-width:767px){.elementor-accordion .elementor-tab-title{padding:12px 15px}.elementor-accordion .elementor-tab-title .elementor-accordion-icon{width:1.2em}.elementor-accordion .elementor-tab-content{padding:7px 15px}}<\/style>\t\t<div class=\"elementor-accordion\" role=\"tablist\">\n\t\t\t\t\t\t\t<div class=\"elementor-accordion-item\">\n\t\t\t\t\t<div id=\"elementor-tab-title-1211\" class=\"elementor-tab-title\" data-tab=\"1\" role=\"tab\" aria-controls=\"elementor-tab-content-1211\" aria-expanded=\"false\">\n\t\t\t\t\t\t\t\t\t\t\t\t\t<span class=\"elementor-accordion-icon elementor-accordion-icon-left\" aria-hidden=\"true\">\n\t\t\t\t\t\t\t\t\t\t\t\t\t\t\t<span class=\"elementor-accordion-icon-closed\"><i class=\"fas fa-plus\"><\/i><\/span>\n\t\t\t\t\t\t\t\t<span class=\"elementor-accordion-icon-opened\"><i class=\"fas fa-minus\"><\/i><\/span>\n\t\t\t\t\t\t\t\t\t\t\t\t\t\t<\/span>\n\t\t\t\t\t\t\t\t\t\t\t\t<a class=\"elementor-accordion-title\" href=\"\">Principales sp\u00e9cifications et caract\u00e9ristiques :<\/a>\n\t\t\t\t\t<\/div>\n\t\t\t\t\t<div id=\"elementor-tab-content-1211\" class=\"elementor-tab-content elementor-clearfix\" data-tab=\"1\" role=\"tabpanel\" aria-labelledby=\"elementor-tab-title-1211\"><table>\n<tbody>\n<tr>\n<td>\n<p>Longueur<\/p>\n<\/td>\n<td>\n<p>840 mm<\/p>\n<\/td>\n<\/tr>\n<tr>\n<td>\n<p>Diam\u00e8tre du corps<\/p>\n<\/td>\n<td>\n<p>188 mm<\/p>\n<\/td>\n<\/tr>\n<tr>\n<td>\n<p>Poids sans batterie<\/p>\n<\/td>\n<td>\n<p>16 kg<\/p>\n<\/td>\n<\/tr>\n<tr>\n<td>\n<p>Poids avec batterie<\/p>\n<\/td>\n<td>\n<p>21 kg<\/p>\n<\/td>\n<\/tr>\n<tr>\n<td>\n<p>Pouss\u00e9e statique<\/p>\n<\/td>\n<td>\n<p>320 N<\/p>\n<\/td>\n<\/tr>\n<tr>\n<td>\n<p>Vitesse maximale<\/p>\n<\/td>\n<td>\n<p>75 m\/min<\/p>\n<\/td>\n<\/tr>\n<tr>\n<td>\n<p>Distance \u00e0 la vitesse maximale<\/p>\n<\/td>\n<td>\n<p>5,8 km<\/p>\n<\/td>\n<\/tr>\n<tr>\n<td>\n<p>Dur\u00e9e de fonctionnement \u00e0 la vitesse maximale<\/p>\n<\/td>\n<td>\n<p>85 min<\/p>\n<\/td>\n<\/tr>\n<tr>\n<td>\n<p>Distance parcourue \u00e0 la vitesse de croisi\u00e8re<\/p>\n<\/td>\n<td>\n<p>8,1 km<\/p>\n<\/td>\n<\/tr>\n<tr>\n<td>\n<p>Dur\u00e9e de fonctionnement \u00e0 la vitesse de croisi\u00e8re<\/p>\n<\/td>\n<td>\n<p>185 min<\/p>\n<\/td>\n<\/tr>\n<tr>\n<td>\n<p>Profondeur maximale d&rsquo;utilisation<\/p>\n<\/td>\n<td>\n<p>200 m (test 300 m)<\/p>\n<\/td>\n<\/tr>\n<tr>\n<td>\n<p>Type de batterie<\/p>\n<\/td>\n<td>\n<p>L\u0130FEPO4<\/p>\n<\/td>\n<\/tr>\n<tr>\n<td>\n<p>Tension nominale de la batterie<\/p>\n<\/td>\n<td>\n<p>25.2 v<\/p>\n<\/td>\n<\/tr>\n<tr>\n<td>\n<p>Capacit\u00e9 nominale de la batterie<\/p>\n<\/td>\n<td>\n<p>940 Wh<\/p>\n<\/td>\n<\/tr>\n<tr>\n<td>\n<p>Type de moteur<\/p>\n<\/td>\n<td>\n<p>Sans balais<\/p>\n<\/td>\n<\/tr>\n<tr>\n<td>\n<p>Compartiments \u00e9tanches<\/p>\n<\/td>\n<td>\n<p>Oui<\/p>\n<\/td>\n<\/tr>\n<tr>\n<td>\n<p>Interrupteur principal<\/p>\n<\/td>\n<td>\n<p>Oui<\/p>\n<\/td>\n<\/tr>\n<tr>\n<td>\n<p>By-pass vers l&rsquo;\u00e9lectronique<\/p>\n<\/td>\n<td>\n<p>Oui<\/p>\n<\/td>\n<\/tr>\n<tr>\n<td>\n<p>Jauge de batterie<\/p>\n<\/td>\n<td>\n<p>Oui<\/p>\n<\/td>\n<\/tr>\n<\/tbody>\n<\/table>\n<\/div>\n\t\t\t\t<\/div>\n\t\t\t\t\t\t\t\t<\/div>\n\t\t\t\t<\/div>\n\t\t\t\t<\/div>\n\t\t\t\t\t<\/div>\n\t\t<\/div>\n\t\t\t\t<div class=\"elementor-column elementor-col-33 elementor-top-column elementor-element elementor-element-4718e352\" data-id=\"4718e352\" data-element_type=\"column\">\n\t\t\t<div class=\"elementor-widget-wrap elementor-element-populated\">\n\t\t\t\t\t\t\t\t<div class=\"elementor-element elementor-element-48169283 elementor-widget elementor-widget-heading\" data-id=\"48169283\" data-element_type=\"widget\" data-widget_type=\"heading.default\">\n\t\t\t\t<div class=\"elementor-widget-container\">\n\t\t\t<h3 class='heading-left  divider-sm'  style=\"color:#000000\"><span>Structure<\/span><\/h3>\t\t<\/div>\n\t\t\t\t<\/div>\n\t\t\t\t<div class=\"elementor-element elementor-element-6f00a261 elementor-widget elementor-widget-text-editor\" data-id=\"6f00a261\" data-element_type=\"widget\" data-widget_type=\"text-editor.default\">\n\t\t\t\t<div class=\"elementor-widget-container\">\n\t\t\t\t\t\t\t<p>Il se compose g\u00e9n\u00e9ralement d&rsquo;un bo\u00eetier \u00e9tanche r\u00e9sistant \u00e0 la pression et contenant un moteur \u00e9lectrique aliment\u00e9 par une batterie, qui entra\u00eene une h\u00e9lice. La conception doit garantir que l&rsquo;h\u00e9lice ne peut pas blesser le plongeur, l&rsquo;\u00e9quipement de plong\u00e9e ou la vie marine, que le v\u00e9hicule ne peut pas \u00eatre d\u00e9marr\u00e9 accidentellement ou s&rsquo;\u00e9loigner du plongeur, et qu&rsquo;il reste \u00e0 peu pr\u00e8s en flottabilit\u00e9 neutre lorsqu&rsquo;il est utilis\u00e9 sous l&rsquo;eau.<\/p>\n\t\t\t\t\t\t<\/div>\n\t\t\t\t<\/div>\n\t\t\t\t\t<\/div>\n\t\t<\/div>\n\t\t\t\t\t\t\t<\/div>\n\t\t<\/section>\n\t\t\t\t\t\t<\/div>\n\t\t\t\t\t<\/div>\n\t\t","protected":false},"excerpt":{"rendered":"<p>Scooters sous-marins Un scooter sous-marin est un v\u00e9hicule polyvalent qui peut \u00eatre utilis\u00e9 \u00e0 des fins r\u00e9cr\u00e9atives et techniques\/professionnelles, en fonction des caract\u00e9ristiques du mod\u00e8le : en g\u00e9n\u00e9ral, les caract\u00e9ristiques les plus importantes \u00e0 prendre en compte sont l&rsquo;autonomie, la &hellip;<\/p>\n","protected":false},"author":1,"featured_media":0,"parent":0,"menu_order":0,"comment_status":"closed","ping_status":"closed","template":"","meta":{"footnotes":""},"class_list":["post-1221","page","type-page","status-publish","hentry"],"_links":{"self":[{"href":"https:\/\/notrondefence.com\/fr\/wp-json\/wp\/v2\/pages\/1221","targetHints":{"allow":["GET"]}}],"collection":[{"href":"https:\/\/notrondefence.com\/fr\/wp-json\/wp\/v2\/pages"}],"about":[{"href":"https:\/\/notrondefence.com\/fr\/wp-json\/wp\/v2\/types\/page"}],"author":[{"embeddable":true,"href":"https:\/\/notrondefence.com\/fr\/wp-json\/wp\/v2\/users\/1"}],"replies":[{"embeddable":true,"href":"https:\/\/notrondefence.com\/fr\/wp-json\/wp\/v2\/comments?post=1221"}],"version-history":[{"count":1,"href":"https:\/\/notrondefence.com\/fr\/wp-json\/wp\/v2\/pages\/1221\/revisions"}],"predecessor-version":[{"id":1225,"href":"https:\/\/notrondefence.com\/fr\/wp-json\/wp\/v2\/pages\/1221\/revisions\/1225"}],"wp:attachment":[{"href":"https:\/\/notrondefence.com\/fr\/wp-json\/wp\/v2\/media?parent=1221"}],"curies":[{"name":"wp","href":"https:\/\/api.w.org\/{rel}","templated":true}]}}